{"id":4580,"date":"2013-04-30T10:26:54","date_gmt":"2013-04-30T08:26:54","guid":{"rendered":"http:\/\/www.susyrottonara.com\/biografie"},"modified":"2025-10-21T15:08:38","modified_gmt":"2025-10-21T13:08:38","slug":"biografie","status":"publish","type":"page","link":"https:\/\/www.susyrottonara.com\/de\/biografie","title":{"rendered":"Biografie"},"content":{"rendered":"<div class=\"fusion-fullwidth fullwidth-box fusion-builder-row-1 hundred-percent-fullwidth non-hundred-percent-height-scrolling\" style=\"background-color: rgba(255,255,255,0);background-position: center center;background-repeat: no-repeat;padding-top:0px;padding-right:0px;padding-bottom:0px;padding-left:0px;margin-bottom: 0px;margin-top: 0px;border-width: 0px 0px 0px 0px;border-color:#eae9e9;border-style:solid;\" ><div class=\"fusion-builder-row fusion-row\"><div class=\"fusion-layout-column fusion_builder_column fusion-builder-column-0 fusion_builder_column_1_4 1_4 fusion-one-fourth fusion-column-first\" style=\"width:22%; margin-right: 4%;margin-top:0px;margin-bottom:20px;\"><div class=\"fusion-column-wrapper fusion-flex-column-wrapper-legacy\" style=\"background-position:left top;background-repeat:no-repeat;-webkit-background-size:cover;-moz-background-size:cover;-o-background-size:cover;background-size:cover;padding: 0px 0px 0px 0px;\"><div class=\"fusion-text fusion-text-1\"><p><a href=\"http:\/\/www.susyrottonara.com\/wp-content\/uploads\/2013\/04\/Schermata-08-2456531-alle-16.32.59.png\"><img decoding=\"async\" class=\"alignnone size-full wp-image-3177\" src=\"http:\/\/www.susyrottonara.com\/wp-content\/uploads\/2013\/04\/Schermata-08-2456531-alle-16.32.59.png\" alt=\"Schermata-08-2456531-alle-16.32.59\" width=\"199\" height=\"561\" srcset=\"https:\/\/www.susyrottonara.com\/wp-content\/uploads\/2013\/04\/Schermata-08-2456531-alle-16.32.59-106x300.png 106w, https:\/\/www.susyrottonara.com\/wp-content\/uploads\/2013\/04\/Schermata-08-2456531-alle-16.32.59.png 199w\" sizes=\"(max-width: 199px) 100vw, 199px\" \/><\/a><\/p>\n<\/div><div class=\"fusion-clearfix\"><\/div><\/div><\/div><div class=\"fusion-layout-column fusion_builder_column fusion-builder-column-1 fusion_builder_column_3_4 3_4 fusion-three-fourth fusion-column-last\" style=\"width:74%;margin-top:0px;margin-bottom:20px;\"><div class=\"fusion-column-wrapper fusion-flex-column-wrapper-legacy\" style=\"background-position:left top;background-repeat:no-repeat;-webkit-background-size:cover;-moz-background-size:cover;-o-background-size:cover;background-size:cover;padding: 0px 0px 0px 0px;\"><div class=\"fusion-text fusion-text-2\"><h3><\/h3>\n<p><strong><img decoding=\"async\" class=\"size-medium wp-image-9220 alignleft\" src=\"https:\/\/www.susyrottonara.com\/wp-content\/uploads\/25553a\u00a9-freddy-planinschek-2-200x300.jpg\" alt=\"\" width=\"200\" height=\"300\" srcset=\"https:\/\/www.susyrottonara.com\/wp-content\/uploads\/25553a\u00a9-freddy-planinschek-2-100x150.jpg 100w, https:\/\/www.susyrottonara.com\/wp-content\/uploads\/25553a\u00a9-freddy-planinschek-2-200x300.jpg 200w, https:\/\/www.susyrottonara.com\/wp-content\/uploads\/25553a\u00a9-freddy-planinschek-2-400x600.jpg 400w, https:\/\/www.susyrottonara.com\/wp-content\/uploads\/25553a\u00a9-freddy-planinschek-2-600x900.jpg 600w, https:\/\/www.susyrottonara.com\/wp-content\/uploads\/25553a\u00a9-freddy-planinschek-2-683x1024.jpg 683w, https:\/\/www.susyrottonara.com\/wp-content\/uploads\/25553a\u00a9-freddy-planinschek-2-768x1152.jpg 768w, https:\/\/www.susyrottonara.com\/wp-content\/uploads\/25553a\u00a9-freddy-planinschek-2-800x1200.jpg 800w, https:\/\/www.susyrottonara.com\/wp-content\/uploads\/25553a\u00a9-freddy-planinschek-2-1024x1536.jpg 1024w, https:\/\/www.susyrottonara.com\/wp-content\/uploads\/25553a\u00a9-freddy-planinschek-2-1200x1800.jpg 1200w, https:\/\/www.susyrottonara.com\/wp-content\/uploads\/25553a\u00a9-freddy-planinschek-2.jpg 1236w\" sizes=\"(max-width: 200px) 100vw, 200px\" \/>Susy Rottonara<\/strong>, Tochter des ber\u00fchmten K\u00fcnstlers <a href=\"http:\/\/www.rott.it\">ROTT<\/a> \u2013 Luigi (Lois) Rottonara \u2013 ist eine vielseitige <strong>Musikk\u00fcnstlerin, <\/strong>mit Diplom in Klavier und Gesang am Musikkonservatorium und Laureat in Fremdsprachen und Literatur, <strong>Kulturbotschafterin, <\/strong>P\u00e4dagogin und <strong><a href=\"http:\/\/www.susyrottonara.com\/de\/category\/progetti\">Autorin von besonderen musikalischen und multimedialen Kulturevents<\/a><\/strong>. Sie tritt auf als Sopranistin, Pianistin und Komponistin von experimenteller Musik und arbeitet an Projekten zur F\u00f6rderung der musikalischen Erziehung.<\/p>\n<p>MUSIK UND KUNST<\/p>\n<p>Als <strong>Sopranistin und Komponistin f\u00fcr zeitgen\u00f6ssische Oper<\/strong> bei den <a href=\"http:\/\/www.globalmusicawards.com\/Winners-Nov-2019.html\">Global Music Awards 2019<\/a> als <em>Silver Medal Winner \u2013 oustanding achievement<\/em> f\u00fcr die Arie <em>Dolasila\u2019s love<\/em> (<em>Die Liebe Dolasilas<\/em>) ausgezeichnet. In 2020 Anerkennung als Musikprofi unter den <strong><a href=\"https:\/\/www.susyrottonara.com\/wp-content\/uploads\/Screenshot-articolo-intero.jpg\">Stars der klassischen Musik <\/a><\/strong>auf internationaler Ebene f\u00fcr ihr besonderes Talent gleichzeitig als Pianistin und Sopranistin aufzutreten beim Talent <em>Music and Stars<\/em>. Teilnahme mit einer <strong>Videoinstallation aus Il sogno di Dolasila (Der Traum von Dolasila)\u00a0<\/strong> im <a href=\"http:\/\/www.susyrottonara.com\/de\/rott-musik-und-kunst\">Projekt R<strong>OTT \u2013 Kunst und Musik<\/strong><\/a><strong>\u00a0<\/strong>an einer internationalen Ausstellung <a href=\"http:\/\/www.susyrottonara.com\/de\/sogno-dolasila-venezia\"><strong>im Rahmen der 57. Kunst-Biennale in Venedig<\/strong><\/a> im Palazzo Albrizzi, Sitz des Guatemala Pavillon. Kunst und Musik sind im multimedialen Projekt <a href=\"https:\/\/www.susyrottonara.com\/de\/midsummer-blooming-2021\"><em><strong>Midsummer blooming 2021<\/strong><\/em><\/a> verbunden, bei dem die <strong><a href=\"https:\/\/www.rott.it\/de\/haute-art-couture-by-rott-bei-der-milano-fashion-week\">Installation Haute Art Couture by ROTT<\/a> <\/strong>in der Galleria Vittorio Emanuele in Mailand anl\u00e4sslich der Milano Fashion Week 2021 Premiere erlebte. Anl\u00e4sslich der Milan Fashion Week 2023 tritt sie auf als Sopranistin und Pianistin bei einer <a href=\"https:\/\/www.susyrottonara.com\/de\/rott-arte-e-musica-alla-milano-fashion-week\">Modeschau mit Kunstwerken von ihrem Vater ROTT.\u00a0<\/a><\/p>\n<p>PRODUKTIONEN ZU DEN LADINISCHEN SAGEN DER DOLOMITEN<\/p>\n<p>In 2005 erfolgt ihr internationales Debut mit musikalischen und multimedialen Produktionen angelehnt an die ladinischen Sagen der Dolomiten, ins Besondere an die <a href=\"http:\/\/www.susyrottonara.com\/de\/sage-des-reichs-der-fanes\">Sage vom Reich der Fanes<\/a>, wo sie die Rolle von Prinzessin Dolasila \u2013 Dolasilla, der Figur an die sie ihr k\u00fcnstlerisches Image verbindet, interpretiert: <a href=\"http:\/\/www.susyrottonara.com\/de\/der-film-das-reich-der-fanes-ein-erfullter-traum\"><strong>Film<\/strong> <strong>Das Reich der Fanes,<\/strong><\/a> <a href=\"http:\/\/www.susyrottonara.com\/de\/album-2\"><strong>Filmmusik Le R\u00ebgn de Fanes \u2013 Das Reich der Fanes<\/strong><\/a>, <strong>experimentelle Oper -Musikpoem<\/strong><a href=\"http:\/\/www.susyrottonara.com\/de\/fanes-poem-musical-das-musikschauspiel-der-dolomiten\"> <strong>Fanes Poem Musical &#8211; Das Musikschauspiel der Dolomiten<\/strong>, <\/a><a href=\"http:\/\/www.susyrottonara.com\/de\/15022013-multimediale-installation-dolasila-premiere-im-mart-in-rovereto\"><strong>multimediale Installation Dolasila<\/strong>,\u00a0<\/a><a href=\"http:\/\/www.susyrottonara.com\/de\/category\/events-und-projekte\"><strong>multimediales Konzert Il sogno di Dolasila \u2013 Der Traum von Dolasila.<\/strong><\/a> Die Produktionen wurden mit <a href=\"http:\/\/www.susyrottonara.com\/de\/preise\"><strong>mehreren internationalen Preisen<\/strong> <\/a>ausgezeichnet.<\/p>\n<p>In 2009, Jahr der Ernennung der Dolomiten zum Naturerbe der Menschheit vonseiten des UNESCO- erfolgte die Premiere der experimentellen Oper <a href=\"http:\/\/www.susyrottonara.com\/de\/fanes-poem-musical-das-musikschauspiel-der-dolomiten\"><strong><u>Fanes Poem Musical -das Musikschauspiel der Dolomiten<\/u><\/strong><\/a> , die in 2011 im Stadttheather Bozen mit dem Orchester Filarmonica Italiana aufgef\u00fchrt wurde. In 2010 wurde ihr <a href=\"http:\/\/www.susyrottonara.com\/de\/album-2\"><strong>Album <em>Dreaming of Fanes<\/em><\/strong><\/a> als erstes auf Ladinisch gesungenes, an den Grammy Awards teilnehmender Album in der Kategorie \u201cBest Album of the year\u201d bei den 53. Grammy Awards gelistet.<\/p>\n<p>AUFTRITTE, KONZERTE UND KULTURELLE T\u00c4TIGKEITEN<\/p>\n<p>Susy Rottonara ist bei <a href=\"http:\/\/www.susyrottonara.com\/de\/07062014-susy-rottonara-ehrengast-beim-grosen-opern-und-instrumentalkonzert-grande-concerto-lirico-vocale-e-strumentale-im-casa-verdi-in-mailand\"><strong>mehreren Konzerten mit international bekannten Musikern<\/strong><\/a> als Ehrengast aufgetreten und hat ihre Musik und mehrere Opernrollen auch mit <strong><a href=\"http:\/\/www.susyrottonara.com\/de\/28052015-1815-milano-circolo-volta-susy-rottonara-ehrengast-beim-event-zur-forderung-des-mailandischen-dialekts-und-der-kultur-der-lombardei-und-zur-wiederbelebung-von-radio-meneghina\">S\u00e4ngern und Musikern des Orchesters Teatro alla Scala di Milano<\/a><\/strong> und vom RAI \u2013 Orchester gesungen. Sie hat an zahlreichen Festival und Events auf internationaler Ebene teilgenommen wo sie auch zugleich als Sopranistin und Pianistin aufgetreten ist.<img decoding=\"async\" class=\"size-medium wp-image-3893 alignright\" src=\"http:\/\/www.susyrottonara.com\/wp-content\/uploads\/2013\/10\/Susy-Rottonara-Fryske-Akademy-20131-300x216.png\" alt=\"\" width=\"300\" height=\"216\" srcset=\"https:\/\/www.susyrottonara.com\/wp-content\/uploads\/2013\/10\/Susy-Rottonara-Fryske-Akademy-20131-300x216.png 300w, https:\/\/www.susyrottonara.com\/wp-content\/uploads\/2013\/10\/Susy-Rottonara-Fryske-Akademy-20131-1024x738.png 1024w, https:\/\/www.susyrottonara.com\/wp-content\/uploads\/2013\/10\/Susy-Rottonara-Fryske-Akademy-20131.png 1888w\" sizes=\"(max-width: 300px) 100vw, 300px\" \/><\/p>\n<p>In 2024 war sie Protagonistin als Sopranistin und Pianistin des Konzert\/Events <strong><a href=\"https:\/\/www.susyrottonara.com\/de\/puccini-100-milano-le-eroine-pucciniane\"><em>Le eroine puicciniane<\/em><\/a><\/strong> bei Savini in Mailand anl\u00e4sslich der Veranstaltungen des Jubil\u00e4umsjahres Puccini100.<\/p>\n<p>In 2015 hat sie im <a href=\"http:\/\/www.susyrottonara.com\/de\/fruhling-2015-susy-rottonara-singt-im-video-des-songs-we-are-love-von-laura-sullivan-grammy-preistragerin-bei-den-56-grammy-awards\"><strong><u>Video <em>We are love <\/em><\/u><\/strong><\/a>von der amerikanischen Grammy Preistr\u00e4gerin Laura Sullivan gesungen. In 2018 mit einem <a href=\"https:\/\/www.instagram.com\/p\/BczL-ttnJ1a\/\"><strong>gesungenen Video<\/strong><\/a> im <em>social wall<\/em> der Benefizkampagne<a href=\"http:\/\/www.susyrottonara.com\/de\/susy-rottonara-dolasila-kulturbotschafterin-fuer-diorlovechain\"> <strong>DiorLoveChain<\/strong><\/a> von Dior\/Missdior.<\/p>\n<p>In 2020 f\u00fchrte sie als Koordinatorin des Projekts zur\u00a0 Verwirklichung<a href=\"https:\/\/www.susyrottonara.com\/de\/koordinatorin-der-ladinischen-wikipedia-suedtirolerin-des-tages\"> der Ladinischen Wikipedia<\/a> und war zu Gast als Referentin und <em>pannellist<\/em> bei der <a href=\"https:\/\/www.susyrottonara.com\/wp-content\/uploads\/RPD-3.WMC_2020png-11.jpg\">World Music Conference<\/a>. Sie hat ab 2019\u00a0 das kulturelle Projekt <a href=\"https:\/\/www.dolomiteslegends.it\/de\/\"><strong>Dolomites Legends<\/strong><\/a>\u00a0verwirklicht.<\/p>\n<p>In 2014 war Susy Rottonara <a href=\"http:\/\/www.susyrottonara.com\/de\/03042014-dolasila-auf-malta\"><strong>Kulturbotschafterin im Italienischen Kulturinstitut in La Valletta auf Malta<\/strong><\/a> mit der <a href=\"http:\/\/www.susyrottonara.com\/de\/installation-dolasila\">Installation Dolasila, welche in 2013 die Premiere im MART Museum erlebte<\/a> und <a href=\"http:\/\/www.susyrottonara.com\/de\/16-17102014-prasentation-von-fanes-poem-musical-und-musikalische-performance-von-susy-rottonara-am-treffen-der-task-force-cross-border-culture-in-eupen-belgien\"><strong>Kulturbotschafterin S\u00fcdtirols<\/strong> beim internationalen Meeting der Task Force Cross Border Culture<\/a> in Eupen \u2013 Belgien mit einer Performance aus der Oper <a href=\"http:\/\/www.susyrottonara.com\/de\/fanes-poem-musical-das-musikschauspiel-der-dolomiten\"><em>Fanes Poem Musical<\/em><\/a>. Sie war <a href=\"http:\/\/www.susyrottonara.com\/wp-content\/uploads\/Curriculum-professionale-2019.pdf\">Referentin bei mehreren Tagungen auf internationaler Ebene<\/a> im musikalischen, didaktischen und sprachlichen Bereich.<\/p>\n<p><a href=\"https:\/\/www.susyrottonara.com\/de\/meilensteine-beim-studium\"><strong>Meilensteine beim Studium &#8211; lies mehr&#8230;<\/strong><\/a><\/p>\n<p>Mitglied der Italienischen Berufss\u00e4nger CPI \u2013 Cantanti professionisti d\u2018Italia und von 2010 bis 2020 <em>voting member<\/em> der Recording Academy. Pr\u00e4sidentin des <a href=\"http:\/\/www.susyrottonara.com\/de\/kulturverein-fanes\"><strong>Kulturvereins Fanes<\/strong><\/a>, den sie 2006 zusammen mit den anderen beiden Autoren des Films Le R\u00ebgn de Fanes gegr\u00fcndet hat zur Aufbewahrung und F\u00f6rderung der ladinischen Sagen durch <strong>vielf\u00e4ltige kulturelle T\u00e4tigkeiten und Veranstaltungen<\/strong>.<\/p>\n<h3><a href=\"https:\/\/www.susyrottonara.com\/wp-content\/uploads\/Susy-Rottonara-Curriculum-DT-23.pdf\"><strong>K\u00fcnstlerischer Lebenslauf\u00a0\u00a0<\/strong> \u00a0\u00a0<\/a><a href=\"http:\/\/www.susyrottonara.com\/wp-content\/uploads\/Curriculum-Deutsch.pdf\">\u00a0\u00a0<\/a><strong><a href=\"https:\/\/de.wikipedia.org\/wiki\/Susy_Rottonara\">Wikipedia DT\u00a0\u00a0\u00a0\u00a0\u00a0\u00a0<\/a><\/strong><a href=\"https:\/\/lld.wikipedia.org\/wiki\/Susy_Rottonara\">Wikipedia LLD<\/a><\/h3>\n<h3><\/h3>\n<p><strong><img decoding=\"async\" class=\"size-medium wp-image-8492 alignleft\" src=\"https:\/\/www.susyrottonara.com\/wp-content\/uploads\/The-Magazine-Susy-Rottonara-290x300.jpg\" alt=\"\" width=\"290\" height=\"300\" srcset=\"https:\/\/www.susyrottonara.com\/wp-content\/uploads\/The-Magazine-Susy-Rottonara-145x150.jpg 145w, https:\/\/www.susyrottonara.com\/wp-content\/uploads\/The-Magazine-Susy-Rottonara-200x207.jpg 200w, https:\/\/www.susyrottonara.com\/wp-content\/uploads\/The-Magazine-Susy-Rottonara-290x300.jpg 290w, https:\/\/www.susyrottonara.com\/wp-content\/uploads\/The-Magazine-Susy-Rottonara-400x413.jpg 400w, https:\/\/www.susyrottonara.com\/wp-content\/uploads\/The-Magazine-Susy-Rottonara-600x620.jpg 600w, https:\/\/www.susyrottonara.com\/wp-content\/uploads\/The-Magazine-Susy-Rottonara-768x794.jpg 768w, https:\/\/www.susyrottonara.com\/wp-content\/uploads\/The-Magazine-Susy-Rottonara-800x827.jpg 800w, https:\/\/www.susyrottonara.com\/wp-content\/uploads\/The-Magazine-Susy-Rottonara.jpg 960w\" sizes=\"(max-width: 290px) 100vw, 290px\" \/>Berichte \u00fcber Susy Rottonara und ihre T\u00e4tigkeiten in Musik und Kultur wurden ausgestrahlt von:<\/strong><\/p>\n<p>RAI Uno, RAI TV e Radio Ladinia, RAI e Radio Sender Bozen, RAI e Radio regionale del Trentino Alto Adige, Video Bolzano 33, RAI International, TML \u2013 Tele Minoranze Linguistiche, TCA, S\u00fcdtirol Heute \u2013 ORF.<\/p>\n<p><strong>Online<\/strong>: <a href=\"https:\/\/magazine.musicandstarsawards.com\/2021\/03\/02\/susy-rottonara\/\">Music and Stars Magazine<\/a>, <a href=\"https:\/\/www.susyrottonara.com\/de\/oktober-2020-susy-rottonara-protagonistin-auf-the-pink-backbone\">The Pink Backbone -Affari di donne\/Donne d&#8217;affari<\/a><\/p>\n<p><strong>Siehe unter <b><a href=\"http:\/\/www.susyrottonara.com\/de\/category\/press\">Press:<\/a><\/b><\/strong><br \/>\nIl Corriere della sera\/Il Corriere dell\u2019Alto Adige, Alto Adige, L\u2019Adige, Il Giornale, CAM 60 Catalogo dell&#8217;Arte moderna &#8211;\u00a0 editori Cairo e Giorgio Mondadori, Dolomiten, Die S\u00fcdtiroler Tageszeitung, Die Neue S\u00fcdtiroler Tageszeitung, FF-Das S\u00fcdtiroler Wochenmagazin, In-S\u00fcdtirol, Die S\u00fcdtirolerin, L\u2019Avisio, <a href=\"https:\/\/timesofmalta.com\/articles\/view\/When-the-arts-meet-Italian-gastronomy.512996\">The Sunday Times of Malta<\/a>, The Malta Independent, l-orizzont, <a href=\"http:\/\/calitreview.com\/604\/notes-from-italy-a-homer-of-the-dolomites\/\">California Literary Review<\/a>, Servus Magazin, La Usc di Ladins, Gana, Enrosadira, Meridiani Montagne.<\/p>\n<p><b><a href=\"http:\/\/www.susyrottonara.com\/de\/events-und-projekte\">Besondere Events \u00a0 \u00a0 \u00a0 \u00a0 \u00a0 \u00a0 \u00a0 \u00a0 \u00a0 \u00a0 \u00a0 \u00a0 \u00a0 \u00a0 \u00a0 \u00a0 \u00a0 <\/a><\/b><b>Festival\u00a0 <\/b>siehe <a href=\"http:\/\/www.susyrottonara.com\/de\/press-preise\">Preise<\/a>, <a href=\"http:\/\/www.susyrottonara.com\/de\/events\">Film (Events Film) <\/a><\/p>\n<\/div><div class=\"fusion-video fusion-youtube fusion-aligncenter\" style=\"max-width:600px;max-height:360px; width:100%\"><div class=\"video-shortcode\"><iframe title=\"YouTube video player 1\" src=\"https:\/\/www.youtube.com\/embed\/XxYXVr7ZTik?wmode=transparent&autoplay=0\" width=\"600\" height=\"360\" allowfullscreen allow=\"autoplay; fullscreen\"><\/iframe><\/div><\/div><div class=\"fusion-clearfix\"><\/div><\/div><\/div><div class=\"fusion-layout-column fusion_builder_column fusion-builder-column-2 fusion_builder_column_1_4 1_4 fusion-one-fourth fusion-column-first\" style=\"width:22%; margin-right: 4%;margin-top:0px;margin-bottom:20px;\"><div class=\"fusion-column-wrapper fusion-flex-column-wrapper-legacy\" style=\"background-position:left top;background-repeat:no-repeat;-webkit-background-size:cover;-moz-background-size:cover;-o-background-size:cover;background-size:cover;padding: 0px 0px 0px 0px;\"><div class=\"fusion-clearfix\"><\/div><\/div><\/div><div class=\"fusion-layout-column fusion_builder_column fusion-builder-column-3 fusion_builder_column_3_4 3_4 fusion-three-fourth fusion-column-last\" style=\"width:74%;margin-top:0px;margin-bottom:20px;\"><div class=\"fusion-column-wrapper fusion-flex-column-wrapper-legacy\" style=\"background-position:left top;background-repeat:no-repeat;-webkit-background-size:cover;-moz-background-size:cover;-o-background-size:cover;background-size:cover;padding: 0px 0px 0px 0px;\"><div class=\"fusion-text fusion-text-3\"><p>Lizenz CC by SA<\/p>\n<\/div><div class=\"fusion-clearfix\"><\/div><\/div><\/div><\/div><style type=\"text\/css\">.fusion-fullwidth.fusion-builder-row-1 { overflow:visible; }<\/style><\/div>\n","protected":false},"excerpt":{"rendered":"","protected":false},"author":3,"featured_media":0,"parent":0,"menu_order":0,"comment_status":"closed","ping_status":"closed","template":"","meta":{"footnotes":""},"class_list":["post-4580","page","type-page","status-publish","hentry"],"yoast_head":"<!-- This site is optimized with the Yoast SEO plugin v25.8 - https:\/\/yoast.com\/wordpress\/plugins\/seo\/ -->\n<title>Biografie - Susy Rottonara<\/title>\n<meta name=\"robots\" content=\"index, follow, max-snippet:-1, max-image-preview:large, max-video-preview:-1\" \/>\n<link rel=\"canonical\" href=\"https:\/\/www.susyrottonara.com\/de\/biografie\" \/>\n<meta property=\"og:locale\" content=\"de_DE\" \/>\n<meta property=\"og:type\" content=\"article\" \/>\n<meta property=\"og:title\" content=\"Biografie - Susy Rottonara\" \/>\n<meta property=\"og:url\" content=\"https:\/\/www.susyrottonara.com\/de\/biografie\" \/>\n<meta property=\"og:site_name\" content=\"Susy Rottonara\" \/>\n<meta property=\"article:modified_time\" content=\"2025-10-21T13:08:38+00:00\" \/>\n<meta property=\"og:image\" content=\"https:\/\/www.susyrottonara.com\/wp-content\/uploads\/2013\/04\/Schermata-08-2456531-alle-16.32.59.png\" \/>\n\t<meta property=\"og:image:width\" content=\"199\" \/>\n\t<meta property=\"og:image:height\" content=\"561\" \/>\n\t<meta property=\"og:image:type\" content=\"image\/png\" \/>\n<meta name=\"twitter:card\" content=\"summary_large_image\" \/>\n<meta name=\"twitter:label1\" content=\"Gesch\u00e4tzte Lesezeit\" \/>\n\t<meta name=\"twitter:data1\" content=\"7 minutes\" \/>\n<script type=\"application\/ld+json\" class=\"yoast-schema-graph\">{\"@context\":\"https:\/\/schema.org\",\"@graph\":[{\"@type\":\"WebPage\",\"@id\":\"https:\/\/www.susyrottonara.com\/de\/biografie\",\"url\":\"https:\/\/www.susyrottonara.com\/de\/biografie\",\"name\":\"Biografie - Susy Rottonara\",\"isPartOf\":{\"@id\":\"https:\/\/www.susyrottonara.com\/#website\"},\"primaryImageOfPage\":{\"@id\":\"https:\/\/www.susyrottonara.com\/de\/biografie#primaryimage\"},\"image\":{\"@id\":\"https:\/\/www.susyrottonara.com\/de\/biografie#primaryimage\"},\"thumbnailUrl\":\"http:\/\/www.susyrottonara.com\/wp-content\/uploads\/2013\/04\/Schermata-08-2456531-alle-16.32.59.png\",\"datePublished\":\"2013-04-30T08:26:54+00:00\",\"dateModified\":\"2025-10-21T13:08:38+00:00\",\"breadcrumb\":{\"@id\":\"https:\/\/www.susyrottonara.com\/de\/biografie#breadcrumb\"},\"inLanguage\":\"de-DE\",\"potentialAction\":[{\"@type\":\"ReadAction\",\"target\":[\"https:\/\/www.susyrottonara.com\/de\/biografie\"]}]},{\"@type\":\"ImageObject\",\"inLanguage\":\"de-DE\",\"@id\":\"https:\/\/www.susyrottonara.com\/de\/biografie#primaryimage\",\"url\":\"http:\/\/www.susyrottonara.com\/wp-content\/uploads\/2013\/04\/Schermata-08-2456531-alle-16.32.59.png\",\"contentUrl\":\"http:\/\/www.susyrottonara.com\/wp-content\/uploads\/2013\/04\/Schermata-08-2456531-alle-16.32.59.png\"},{\"@type\":\"BreadcrumbList\",\"@id\":\"https:\/\/www.susyrottonara.com\/de\/biografie#breadcrumb\",\"itemListElement\":[{\"@type\":\"ListItem\",\"position\":1,\"name\":\"Home\",\"item\":\"https:\/\/www.susyrottonara.com\/de\"},{\"@type\":\"ListItem\",\"position\":2,\"name\":\"Biografie\"}]},{\"@type\":\"WebSite\",\"@id\":\"https:\/\/www.susyrottonara.com\/#website\",\"url\":\"https:\/\/www.susyrottonara.com\/\",\"name\":\"Susy Rottonara\",\"description\":\"\",\"potentialAction\":[{\"@type\":\"SearchAction\",\"target\":{\"@type\":\"EntryPoint\",\"urlTemplate\":\"https:\/\/www.susyrottonara.com\/?s={search_term_string}\"},\"query-input\":{\"@type\":\"PropertyValueSpecification\",\"valueRequired\":true,\"valueName\":\"search_term_string\"}}],\"inLanguage\":\"de-DE\"}]}<\/script>\n<!-- \/ Yoast SEO plugin. -->","yoast_head_json":{"title":"Biografie - Susy Rottonara","robots":{"index":"index","follow":"follow","max-snippet":"max-snippet:-1","max-image-preview":"max-image-preview:large","max-video-preview":"max-video-preview:-1"},"canonical":"https:\/\/www.susyrottonara.com\/de\/biografie","og_locale":"de_DE","og_type":"article","og_title":"Biografie - Susy Rottonara","og_url":"https:\/\/www.susyrottonara.com\/de\/biografie","og_site_name":"Susy Rottonara","article_modified_time":"2025-10-21T13:08:38+00:00","og_image":[{"width":199,"height":561,"url":"https:\/\/www.susyrottonara.com\/wp-content\/uploads\/2013\/04\/Schermata-08-2456531-alle-16.32.59.png","type":"image\/png"}],"twitter_card":"summary_large_image","twitter_misc":{"Gesch\u00e4tzte Lesezeit":"7 minutes"},"schema":{"@context":"https:\/\/schema.org","@graph":[{"@type":"WebPage","@id":"https:\/\/www.susyrottonara.com\/de\/biografie","url":"https:\/\/www.susyrottonara.com\/de\/biografie","name":"Biografie - Susy Rottonara","isPartOf":{"@id":"https:\/\/www.susyrottonara.com\/#website"},"primaryImageOfPage":{"@id":"https:\/\/www.susyrottonara.com\/de\/biografie#primaryimage"},"image":{"@id":"https:\/\/www.susyrottonara.com\/de\/biografie#primaryimage"},"thumbnailUrl":"http:\/\/www.susyrottonara.com\/wp-content\/uploads\/2013\/04\/Schermata-08-2456531-alle-16.32.59.png","datePublished":"2013-04-30T08:26:54+00:00","dateModified":"2025-10-21T13:08:38+00:00","breadcrumb":{"@id":"https:\/\/www.susyrottonara.com\/de\/biografie#breadcrumb"},"inLanguage":"de-DE","potentialAction":[{"@type":"ReadAction","target":["https:\/\/www.susyrottonara.com\/de\/biografie"]}]},{"@type":"ImageObject","inLanguage":"de-DE","@id":"https:\/\/www.susyrottonara.com\/de\/biografie#primaryimage","url":"http:\/\/www.susyrottonara.com\/wp-content\/uploads\/2013\/04\/Schermata-08-2456531-alle-16.32.59.png","contentUrl":"http:\/\/www.susyrottonara.com\/wp-content\/uploads\/2013\/04\/Schermata-08-2456531-alle-16.32.59.png"},{"@type":"BreadcrumbList","@id":"https:\/\/www.susyrottonara.com\/de\/biografie#breadcrumb","itemListElement":[{"@type":"ListItem","position":1,"name":"Home","item":"https:\/\/www.susyrottonara.com\/de"},{"@type":"ListItem","position":2,"name":"Biografie"}]},{"@type":"WebSite","@id":"https:\/\/www.susyrottonara.com\/#website","url":"https:\/\/www.susyrottonara.com\/","name":"Susy Rottonara","description":"","potentialAction":[{"@type":"SearchAction","target":{"@type":"EntryPoint","urlTemplate":"https:\/\/www.susyrottonara.com\/?s={search_term_string}"},"query-input":{"@type":"PropertyValueSpecification","valueRequired":true,"valueName":"search_term_string"}}],"inLanguage":"de-DE"}]}},"_links":{"self":[{"href":"https:\/\/www.susyrottonara.com\/de\/wp-json\/wp\/v2\/pages\/4580","targetHints":{"allow":["GET"]}}],"collection":[{"href":"https:\/\/www.susyrottonara.com\/de\/wp-json\/wp\/v2\/pages"}],"about":[{"href":"https:\/\/www.susyrottonara.com\/de\/wp-json\/wp\/v2\/types\/page"}],"author":[{"embeddable":true,"href":"https:\/\/www.susyrottonara.com\/de\/wp-json\/wp\/v2\/users\/3"}],"replies":[{"embeddable":true,"href":"https:\/\/www.susyrottonara.com\/de\/wp-json\/wp\/v2\/comments?post=4580"}],"version-history":[{"count":54,"href":"https:\/\/www.susyrottonara.com\/de\/wp-json\/wp\/v2\/pages\/4580\/revisions"}],"predecessor-version":[{"id":11447,"href":"https:\/\/www.susyrottonara.com\/de\/wp-json\/wp\/v2\/pages\/4580\/revisions\/11447"}],"wp:attachment":[{"href":"https:\/\/www.susyrottonara.com\/de\/wp-json\/wp\/v2\/media?parent=4580"}],"curies":[{"name":"wp","href":"https:\/\/api.w.org\/{rel}","templated":true}]}}