{"id":8913,"date":"2021-10-01T15:31:39","date_gmt":"2021-10-01T13:31:39","guid":{"rendered":"https:\/\/www.susyrottonara.com\/midsummer-blooming-2021-multimedia-project"},"modified":"2022-04-29T11:32:58","modified_gmt":"2022-04-29T09:32:58","slug":"midsummer-blooming-2021-multimedia-project","status":"publish","type":"page","link":"https:\/\/www.susyrottonara.com\/de\/midsummer-blooming-2021-multimedia-project","title":{"rendered":"Midsummer blooming 2021"},"content":{"rendered":"<div class=\"fusion-fullwidth fullwidth-box fusion-builder-row-1 nonhundred-percent-fullwidth non-hundred-percent-height-scrolling\" style=\"background-color: rgba(255,255,255,0);background-position: center center;background-repeat: no-repeat;padding-top:0px;padding-right:0px;padding-bottom:0px;padding-left:0px;margin-bottom: 0px;margin-top: 0px;border-width: 0px 0px 0px 0px;border-color:#eae9e9;border-style:solid;\" ><div class=\"fusion-builder-row fusion-row\"><div class=\"fusion-layout-column fusion_builder_column fusion-builder-column-0 fusion_builder_column_1_1 1_1 fusion-one-full fusion-column-first fusion-column-last\" style=\"margin-top:0px;margin-bottom:0px;\"><div class=\"fusion-column-wrapper fusion-flex-column-wrapper-legacy\" style=\"background-position:left top;background-repeat:no-repeat;-webkit-background-size:cover;-moz-background-size:cover;-o-background-size:cover;background-size:cover;padding: 0px 0px 0px 0px;\"><div class=\"fusion-text fusion-text-1\"><h1><em><img decoding=\"async\" class=\"size-medium wp-image-9217 alignleft\" src=\"https:\/\/www.susyrottonara.com\/wp-content\/uploads\/25514\u00a9-freddy-planinschek-2-300x200.jpg\" alt=\"\" width=\"300\" height=\"200\" srcset=\"https:\/\/www.susyrottonara.com\/wp-content\/uploads\/25514\u00a9-freddy-planinschek-2-150x100.jpg 150w, https:\/\/www.susyrottonara.com\/wp-content\/uploads\/25514\u00a9-freddy-planinschek-2-200x133.jpg 200w, https:\/\/www.susyrottonara.com\/wp-content\/uploads\/25514\u00a9-freddy-planinschek-2-300x200.jpg 300w, https:\/\/www.susyrottonara.com\/wp-content\/uploads\/25514\u00a9-freddy-planinschek-2-400x267.jpg 400w, https:\/\/www.susyrottonara.com\/wp-content\/uploads\/25514\u00a9-freddy-planinschek-2-600x400.jpg 600w, https:\/\/www.susyrottonara.com\/wp-content\/uploads\/25514\u00a9-freddy-planinschek-2-768x512.jpg 768w, https:\/\/www.susyrottonara.com\/wp-content\/uploads\/25514\u00a9-freddy-planinschek-2-800x533.jpg 800w, https:\/\/www.susyrottonara.com\/wp-content\/uploads\/25514\u00a9-freddy-planinschek-2-1024x683.jpg 1024w, https:\/\/www.susyrottonara.com\/wp-content\/uploads\/25514\u00a9-freddy-planinschek-2-1200x800.jpg 1200w, https:\/\/www.susyrottonara.com\/wp-content\/uploads\/25514\u00a9-freddy-planinschek-2.jpg 1236w\" sizes=\"(max-width: 300px) 100vw, 300px\" \/>Midsummer blooming<\/em> 2021- Die Bl\u00fcte an der\u00a0 Sommersonnenwende <img decoding=\"async\" class=\"alignright wp-image-9251 size-thumbnail\" src=\"https:\/\/www.susyrottonara.com\/wp-content\/uploads\/Istituto-Nazionale-ACS-150x115.jpg\" alt=\"\" width=\"150\" height=\"115\" srcset=\"https:\/\/www.susyrottonara.com\/wp-content\/uploads\/Istituto-Nazionale-ACS-150x115.jpg 150w, https:\/\/www.susyrottonara.com\/wp-content\/uploads\/Istituto-Nazionale-ACS-200x153.jpg 200w, https:\/\/www.susyrottonara.com\/wp-content\/uploads\/Istituto-Nazionale-ACS-300x230.jpg 300w, https:\/\/www.susyrottonara.com\/wp-content\/uploads\/Istituto-Nazionale-ACS-400x307.jpg 400w, https:\/\/www.susyrottonara.com\/wp-content\/uploads\/Istituto-Nazionale-ACS-600x460.jpg 600w, https:\/\/www.susyrottonara.com\/wp-content\/uploads\/Istituto-Nazionale-ACS-768x589.jpg 768w, https:\/\/www.susyrottonara.com\/wp-content\/uploads\/Istituto-Nazionale-ACS-800x614.jpg 800w, https:\/\/www.susyrottonara.com\/wp-content\/uploads\/Istituto-Nazionale-ACS-1024x786.jpg 1024w, https:\/\/www.susyrottonara.com\/wp-content\/uploads\/Istituto-Nazionale-ACS.jpg 1075w\" sizes=\"(max-width: 150px) 100vw, 150px\" \/><\/h1>\n<h3>Multimediales Projekt von Musik, Kunst und\u00a0 Fotografie<\/h3>\n<p>unter dem Ehrenschutz des Nationalen Instituts f\u00fcr Kunst, Kultur und Schauspiel<\/p>\n<h4>Midsummer blooming 2021 \u2013 die Bl\u00fcte an der Sommersonnenwende 2021 ist ein multimediales Projekt von Musik, Kunst und Fotografie \u00f6ffentlich anerkannt auf nationaler und internationaler Ebene, das aus dem Wunsch entspringt, den zur Zeit der Pandemie erlebten Emotionen und Gef\u00fchlen k\u00fcnstlerischen Ausdruck zu verleihen und mit dem Publikum auch die Freude anl\u00e4sslich der jedoch begrenzten Freiheit zu teilen.<\/h4>\n<h4>Im Fokus des Projekts sind <em>home made<\/em> Aufnahmen bedeutender St\u00fccke aus dem klassischen und operistischen Repertoire f\u00fcr Sopran und Klavier kennzeichnend f\u00fcr das k\u00fcnstlerische Erlebnis von 2020 bis 2021, die w\u00e4hrend der Pandemie auf die social media gepostet wurden und <span style=\"color: #3366ff;\">Anerkennung auf internationaler Ebene beim <a style=\"color: #3366ff;\" href=\"https:\/\/magazine.musicandstarsawards.com\/2021\/03\/02\/susy-rottonara\/\"><em>talent Music &amp; Stars<\/em><\/a><\/span>, wo Susy Rottonara gleichzeitig als Sopranistin und Pianistin aufgetreten ist, gefunden haben. Gleichzeitig bezieht sich das Projekt auch auf <a href=\"https:\/\/www.susyrottonara.com\/de\/haute-art-couture-by-rott-bei-der-milano-fashion-week\"><span style=\"color: #3366ff;\">die Produktion eines<\/span> <span style=\"color: #3366ff;\">Kunstwerks von ROTT<\/span><\/a>, das als Kunst-Installation w\u00e4hrend der Milano Fashion Week im Rahmen von <em>Galleria &amp; Friends<\/em> in Mailand Premiere erlebte und auf fotografischen Portraits von Susy Rottonara realisiert von Freddy Planinschek, in Anlehnung an die Farben der Blumen der Bergwiesen und als Hommage an die Bl\u00fcte nach dem Lockdown.<\/h4>\n<h4>Das Projekt hat den Ehrenschutz des Istituto Nazionale Arte Cultura Spettacolo erhalten und wurde offiziell am 18. Dezember 2021 vorgestellt anl\u00e4sslich der XVIII. Ausgabe des Citt\u00e0 di Angri Preises.<\/h4>\n<h4><span style=\"color: #3366ff;\"><a style=\"color: #3366ff;\" href=\"https:\/\/www.youtube.com\/watch?v=WVKHYhwF-NU\">Mehrere Musikst\u00fccke aus dem Projekt bilden die Filmmusik des Dokufilms \u00fcber die ber\u00fchmte Modesch\u00f6pferin aus Mailand <em>Rosa Genoni \u2013 the origin of made in Italy<\/em><\/a> <\/span>kuratiert von der Mode-Journalistin und Mode -Historikerin Elisabetta Invernici, das anl\u00e4sslich des Milano Fashion Film Festival 2022 \u00f6ffentlich vorgestellt wurde.<\/h4>\n<p><img decoding=\"async\" class=\"alignleft wp-image-9214 size-fusion-600\" src=\"https:\/\/www.susyrottonara.com\/wp-content\/uploads\/25491\u00a9-freddy-planinschek-2-600x400.jpg\" alt=\"\" width=\"600\" height=\"400\" srcset=\"https:\/\/www.susyrottonara.com\/wp-content\/uploads\/25491\u00a9-freddy-planinschek-2-150x100.jpg 150w, https:\/\/www.susyrottonara.com\/wp-content\/uploads\/25491\u00a9-freddy-planinschek-2-200x133.jpg 200w, https:\/\/www.susyrottonara.com\/wp-content\/uploads\/25491\u00a9-freddy-planinschek-2-300x200.jpg 300w, https:\/\/www.susyrottonara.com\/wp-content\/uploads\/25491\u00a9-freddy-planinschek-2-400x267.jpg 400w, https:\/\/www.susyrottonara.com\/wp-content\/uploads\/25491\u00a9-freddy-planinschek-2-600x400.jpg 600w, https:\/\/www.susyrottonara.com\/wp-content\/uploads\/25491\u00a9-freddy-planinschek-2-768x512.jpg 768w, https:\/\/www.susyrottonara.com\/wp-content\/uploads\/25491\u00a9-freddy-planinschek-2-800x533.jpg 800w, https:\/\/www.susyrottonara.com\/wp-content\/uploads\/25491\u00a9-freddy-planinschek-2-1024x683.jpg 1024w, https:\/\/www.susyrottonara.com\/wp-content\/uploads\/25491\u00a9-freddy-planinschek-2-1200x800.jpg 1200w, https:\/\/www.susyrottonara.com\/wp-content\/uploads\/25491\u00a9-freddy-planinschek-2.jpg 1239w\" sizes=\"(max-width: 600px) 100vw, 600px\" \/><\/p>\n<h3 style=\"text-align: center;\"><strong><span style=\"color: #ff00ff;\"><a style=\"color: #ff00ff;\" href=\"https:\/\/www.susyrottonara.com\/wp-content\/uploads\/BOOK-MIDSUMMER-BLOOMING-2021-2.pdf\">PHOTO BOOK pdf\u00a0<\/a><\/span><\/strong><\/h3>\n<h3 style=\"text-align: center;\"><span style=\"color: #3366ff;\"><a style=\"color: #3366ff;\" href=\"https:\/\/flipbookpdf.net\/web\/site\/e346de79943db1a6569ce8631ed695e9bfa431ed202204.pdf.html\"><strong>PHOTO BOOK ONLINE<\/strong><\/a><\/span><\/h3>\n<h3 style=\"text-align: center;\"><a href=\"https:\/\/www.susyrottonara.com\/midsummer-blooming-2021-booklet\"><strong><span style=\"color: #3366ff;\">BOOKLET<\/span>\u00a0<\/strong><\/a><\/h3>\n<h3 style=\"text-align: center;\"><strong><a href=\"https:\/\/www.susyrottonara.com\/haute-art-couture-by-rott-alla-milano-fashion-week\">LINKS: <span style=\"color: #3366ff;\">HAUTE ART\u00a0 COUTURE BY ROTT<\/span><\/a><\/strong><\/h3>\n<h3 style=\"text-align: center;\"><strong>ONLINE PRESS:<\/strong> \u00a0<span style=\"color: #3366ff;\"><a style=\"color: #3366ff;\" href=\"https:\/\/www.fashionluxury.info\/it\/moda\/2021\/09\/22\/haute-art-couture-by-rott-alla-milano-fashion-week\/\">Fashionluxury,\u00a0<\/a><a style=\"color: #3366ff;\" href=\"https:\/\/www.thecubemagazine.com\/2021\/10\/10\/le-donne-di-rott-tra-immagine-social-e-identita-profonda\/\"> The Cube Magazine, <\/a><a style=\"color: #3366ff;\" href=\"https:\/\/galleriaandfriendsmilano.com\/portfolio_page\/haute-art-couture-by-rott\/\">Galleria &amp; Friends<\/a><\/span><\/h3>\n<p><img decoding=\"async\" class=\"size-medium wp-image-9314 aligncenter\" src=\"https:\/\/www.susyrottonara.com\/wp-content\/uploads\/RAINEWS-300x206.jpg\" alt=\"\" width=\"300\" height=\"206\" srcset=\"https:\/\/www.susyrottonara.com\/wp-content\/uploads\/RAINEWS-150x103.jpg 150w, https:\/\/www.susyrottonara.com\/wp-content\/uploads\/RAINEWS-200x137.jpg 200w, https:\/\/www.susyrottonara.com\/wp-content\/uploads\/RAINEWS-300x206.jpg 300w, https:\/\/www.susyrottonara.com\/wp-content\/uploads\/RAINEWS-400x275.jpg 400w, https:\/\/www.susyrottonara.com\/wp-content\/uploads\/RAINEWS-600x412.jpg 600w, https:\/\/www.susyrottonara.com\/wp-content\/uploads\/RAINEWS-768x528.jpg 768w, https:\/\/www.susyrottonara.com\/wp-content\/uploads\/RAINEWS-800x550.jpg 800w, https:\/\/www.susyrottonara.com\/wp-content\/uploads\/RAINEWS-1024x704.jpg 1024w, https:\/\/www.susyrottonara.com\/wp-content\/uploads\/RAINEWS-1200x825.jpg 1200w, https:\/\/www.susyrottonara.com\/wp-content\/uploads\/RAINEWS-1536x1056.jpg 1536w\" sizes=\"(max-width: 300px) 100vw, 300px\" \/><\/p>\n<h4 style=\"text-align: center;\"><strong><a href=\"https:\/\/www.rainews.it\/tgr\/trail\/articoli\/2022\/02\/tra-Susy-Rottonara-Midsummer-blooming-2021-26660e2d-b610-4d5e-98ca-f8d394069b27.html\">TV: <span style=\"color: #993366;\">RAINEWS<\/span><\/a><\/strong><\/h4>\n<h4 style=\"text-align: center;\"><strong>Radio: <span style=\"color: #993366;\"><a style=\"color: #993366;\" href=\"https:\/\/www.susyrottonara.com\/wp-content\/uploads\/f5f02017-c40e-41a3-9541-3698968ba1b1.mp3\">Ladinia live<\/a><\/span><\/strong><\/h4>\n<h4 style=\"text-align: center;\"><span style=\"color: #993366;\"><a style=\"color: #993366;\" href=\"https:\/\/www.susyrottonara.com\/wp-content\/uploads\/Alto-Adige-rid.jpg\">Alto Adige<\/a><\/span><\/h4>\n<\/div><div class=\"fusion-video fusion-youtube fusion-aligncenter\" style=\"max-width:600px;max-height:360px; width:100%\"><div class=\"video-shortcode\"><iframe title=\"YouTube video player 1\" src=\"https:\/\/www.youtube.com\/embed\/d4srqzCDSNk?wmode=transparent&autoplay=0\" width=\"600\" height=\"360\" allowfullscreen allow=\"autoplay; fullscreen\"><\/iframe><\/div><\/div><div class=\"fusion-soundcloud\"><iframe scrolling=\"no\" frameborder=\"no\" width=\"100%\" height=\"166\" allow=\"autoplay\" src=\"https:\/\/w.soundcloud.com\/player\/?url=https:\/\/soundcloud.com\/susyrottonara\/lascia-chio-pianga?si=54a1e68101be4b17bc47c36492158fda&amp;auto_play=false&amp;hide_related=false&amp;show_comments=true&amp;show_user=true&amp;show_reposts=false&amp;visual=false&amp;color=ff7700\" title=\"soundcloud\"><\/iframe><\/div><div class=\"fusion-soundcloud\"><iframe scrolling=\"no\" frameborder=\"no\" width=\"100%\" height=\"166\" allow=\"autoplay\" src=\"https:\/\/w.soundcloud.com\/player\/?url=https:\/\/soundcloud.com\/susyrottonara\/o-mio-babbino-caro?si=54a1e68101be4b17bc47c36492158fda&amp;auto_play=false&amp;hide_related=false&amp;show_comments=true&amp;show_user=true&amp;show_reposts=false&amp;visual=false&amp;color=ff7700\" title=\"soundcloud\"><\/iframe><\/div><div class=\"fusion-soundcloud\"><iframe scrolling=\"no\" frameborder=\"no\" width=\"100%\" height=\"166\" allow=\"autoplay\" src=\"https:\/\/w.soundcloud.com\/player\/?url=https:\/\/soundcloud.com\/susyrottonara\/cacilie?si=54a1e68101be4b17bc47c36492158fda&amp;auto_play=false&amp;hide_related=false&amp;show_comments=true&amp;show_user=true&amp;show_reposts=false&amp;visual=false&amp;color=ff7700\" title=\"soundcloud\"><\/iframe><\/div><div class=\"fusion-soundcloud\"><iframe scrolling=\"no\" frameborder=\"no\" width=\"100%\" height=\"166\" allow=\"autoplay\" src=\"https:\/\/w.soundcloud.com\/player\/?url=https:\/\/soundcloud.com\/susyrottonara\/morgen?si=54a1e68101be4b17bc47c36492158fda&amp;auto_play=false&amp;hide_related=false&amp;show_comments=true&amp;show_user=true&amp;show_reposts=false&amp;visual=false&amp;color=ff7700\" title=\"soundcloud\"><\/iframe><\/div><div class=\"fusion-soundcloud\"><iframe scrolling=\"no\" frameborder=\"no\" width=\"100%\" height=\"166\" allow=\"autoplay\" src=\"https:\/\/w.soundcloud.com\/player\/?url=https:\/\/soundcloud.com\/susyrottonara\/over-the-rainbow?si=54a1e68101be4b17bc47c36492158fda&amp;auto_play=false&amp;hide_related=false&amp;show_comments=true&amp;show_user=true&amp;show_reposts=false&amp;visual=false&amp;color=ff7700\" title=\"soundcloud\"><\/iframe><\/div><div class=\"fusion-soundcloud\"><iframe scrolling=\"no\" frameborder=\"no\" width=\"100%\" height=\"166\" allow=\"autoplay\" src=\"https:\/\/w.soundcloud.com\/player\/?url=https:\/\/soundcloud.com\/susyrottonara\/smoke-gets-in-your-eyes?si=54a1e68101be4b17bc47c36492158fda&amp;auto_play=false&amp;hide_related=false&amp;show_comments=true&amp;show_user=true&amp;show_reposts=false&amp;visual=false&amp;color=ff7700\" title=\"soundcloud\"><\/iframe><\/div><div class=\"fusion-soundcloud\"><iframe scrolling=\"no\" frameborder=\"no\" width=\"100%\" height=\"166\" allow=\"autoplay\" src=\"https:\/\/w.soundcloud.com\/player\/?url=https:\/\/soundcloud.com\/susyrottonara\/insci-tutt-on-tratt?si=54a1e68101be4b17bc47c36492158fda&amp;auto_play=false&amp;hide_related=false&amp;show_comments=true&amp;show_user=true&amp;show_reposts=false&amp;visual=false&amp;color=ff7700\" title=\"soundcloud\"><\/iframe><\/div><div class=\"fusion-soundcloud\"><iframe scrolling=\"no\" frameborder=\"no\" width=\"100%\" height=\"166\" allow=\"autoplay\" src=\"https:\/\/w.soundcloud.com\/player\/?url=https:\/\/soundcloud.com\/susyrottonara\/dante700-vergine-madre-by-aperosa?si=77b480d1289f472780ec9bc1413a6b1e&amp;auto_play=false&amp;hide_related=false&amp;show_comments=true&amp;show_user=true&amp;show_reposts=false&amp;visual=false&amp;color=ff7700\" title=\"soundcloud\"><\/iframe><\/div><div class=\"fusion-clearfix\"><\/div><\/div><\/div><\/div><\/div>\n","protected":false},"excerpt":{"rendered":"","protected":false},"author":2,"featured_media":0,"parent":0,"menu_order":0,"comment_status":"closed","ping_status":"closed","template":"","meta":{"footnotes":""},"class_list":["post-8913","page","type-page","status-publish","hentry"],"yoast_head":"<!-- This site is optimized with the Yoast SEO plugin v25.8 - https:\/\/yoast.com\/wordpress\/plugins\/seo\/ -->\n<title>Midsummer blooming 2021 - Susy Rottonara<\/title>\n<meta name=\"robots\" content=\"index, follow, max-snippet:-1, max-image-preview:large, max-video-preview:-1\" \/>\n<link rel=\"canonical\" href=\"https:\/\/www.susyrottonara.com\/de\/midsummer-blooming-2021-multimedia-project\" \/>\n<meta property=\"og:locale\" content=\"de_DE\" \/>\n<meta property=\"og:type\" content=\"article\" \/>\n<meta property=\"og:title\" content=\"Midsummer blooming 2021 - Susy Rottonara\" \/>\n<meta property=\"og:url\" content=\"https:\/\/www.susyrottonara.com\/de\/midsummer-blooming-2021-multimedia-project\" \/>\n<meta property=\"og:site_name\" content=\"Susy Rottonara\" \/>\n<meta property=\"article:modified_time\" content=\"2022-04-29T09:32:58+00:00\" \/>\n<meta property=\"og:image\" content=\"https:\/\/www.susyrottonara.com\/wp-content\/uploads\/Istituto-Nazionale-ACS-150x115.jpg\" \/>\n<meta name=\"twitter:card\" content=\"summary_large_image\" \/>\n<meta name=\"twitter:label1\" content=\"Gesch\u00e4tzte Lesezeit\" \/>\n\t<meta name=\"twitter:data1\" content=\"4 minutes\" \/>\n<script type=\"application\/ld+json\" class=\"yoast-schema-graph\">{\"@context\":\"https:\/\/schema.org\",\"@graph\":[{\"@type\":\"WebPage\",\"@id\":\"https:\/\/www.susyrottonara.com\/de\/midsummer-blooming-2021-multimedia-project\",\"url\":\"https:\/\/www.susyrottonara.com\/de\/midsummer-blooming-2021-multimedia-project\",\"name\":\"Midsummer blooming 2021 - Susy Rottonara\",\"isPartOf\":{\"@id\":\"https:\/\/www.susyrottonara.com\/#website\"},\"primaryImageOfPage\":{\"@id\":\"https:\/\/www.susyrottonara.com\/de\/midsummer-blooming-2021-multimedia-project#primaryimage\"},\"image\":{\"@id\":\"https:\/\/www.susyrottonara.com\/de\/midsummer-blooming-2021-multimedia-project#primaryimage\"},\"thumbnailUrl\":\"https:\/\/www.susyrottonara.com\/wp-content\/uploads\/Istituto-Nazionale-ACS-150x115.jpg\",\"datePublished\":\"2021-10-01T13:31:39+00:00\",\"dateModified\":\"2022-04-29T09:32:58+00:00\",\"breadcrumb\":{\"@id\":\"https:\/\/www.susyrottonara.com\/de\/midsummer-blooming-2021-multimedia-project#breadcrumb\"},\"inLanguage\":\"de-DE\",\"potentialAction\":[{\"@type\":\"ReadAction\",\"target\":[\"https:\/\/www.susyrottonara.com\/de\/midsummer-blooming-2021-multimedia-project\"]}]},{\"@type\":\"ImageObject\",\"inLanguage\":\"de-DE\",\"@id\":\"https:\/\/www.susyrottonara.com\/de\/midsummer-blooming-2021-multimedia-project#primaryimage\",\"url\":\"https:\/\/www.susyrottonara.com\/wp-content\/uploads\/Istituto-Nazionale-ACS-150x115.jpg\",\"contentUrl\":\"https:\/\/www.susyrottonara.com\/wp-content\/uploads\/Istituto-Nazionale-ACS-150x115.jpg\"},{\"@type\":\"BreadcrumbList\",\"@id\":\"https:\/\/www.susyrottonara.com\/de\/midsummer-blooming-2021-multimedia-project#breadcrumb\",\"itemListElement\":[{\"@type\":\"ListItem\",\"position\":1,\"name\":\"Home\",\"item\":\"https:\/\/www.susyrottonara.com\/de\"},{\"@type\":\"ListItem\",\"position\":2,\"name\":\"Midsummer blooming 2021\"}]},{\"@type\":\"WebSite\",\"@id\":\"https:\/\/www.susyrottonara.com\/#website\",\"url\":\"https:\/\/www.susyrottonara.com\/\",\"name\":\"Susy Rottonara\",\"description\":\"\",\"potentialAction\":[{\"@type\":\"SearchAction\",\"target\":{\"@type\":\"EntryPoint\",\"urlTemplate\":\"https:\/\/www.susyrottonara.com\/?s={search_term_string}\"},\"query-input\":{\"@type\":\"PropertyValueSpecification\",\"valueRequired\":true,\"valueName\":\"search_term_string\"}}],\"inLanguage\":\"de-DE\"}]}<\/script>\n<!-- \/ Yoast SEO plugin. -->","yoast_head_json":{"title":"Midsummer blooming 2021 - Susy Rottonara","robots":{"index":"index","follow":"follow","max-snippet":"max-snippet:-1","max-image-preview":"max-image-preview:large","max-video-preview":"max-video-preview:-1"},"canonical":"https:\/\/www.susyrottonara.com\/de\/midsummer-blooming-2021-multimedia-project","og_locale":"de_DE","og_type":"article","og_title":"Midsummer blooming 2021 - Susy Rottonara","og_url":"https:\/\/www.susyrottonara.com\/de\/midsummer-blooming-2021-multimedia-project","og_site_name":"Susy Rottonara","article_modified_time":"2022-04-29T09:32:58+00:00","og_image":[{"url":"https:\/\/www.susyrottonara.com\/wp-content\/uploads\/Istituto-Nazionale-ACS-150x115.jpg","type":"","width":"","height":""}],"twitter_card":"summary_large_image","twitter_misc":{"Gesch\u00e4tzte Lesezeit":"4 minutes"},"schema":{"@context":"https:\/\/schema.org","@graph":[{"@type":"WebPage","@id":"https:\/\/www.susyrottonara.com\/de\/midsummer-blooming-2021-multimedia-project","url":"https:\/\/www.susyrottonara.com\/de\/midsummer-blooming-2021-multimedia-project","name":"Midsummer blooming 2021 - Susy Rottonara","isPartOf":{"@id":"https:\/\/www.susyrottonara.com\/#website"},"primaryImageOfPage":{"@id":"https:\/\/www.susyrottonara.com\/de\/midsummer-blooming-2021-multimedia-project#primaryimage"},"image":{"@id":"https:\/\/www.susyrottonara.com\/de\/midsummer-blooming-2021-multimedia-project#primaryimage"},"thumbnailUrl":"https:\/\/www.susyrottonara.com\/wp-content\/uploads\/Istituto-Nazionale-ACS-150x115.jpg","datePublished":"2021-10-01T13:31:39+00:00","dateModified":"2022-04-29T09:32:58+00:00","breadcrumb":{"@id":"https:\/\/www.susyrottonara.com\/de\/midsummer-blooming-2021-multimedia-project#breadcrumb"},"inLanguage":"de-DE","potentialAction":[{"@type":"ReadAction","target":["https:\/\/www.susyrottonara.com\/de\/midsummer-blooming-2021-multimedia-project"]}]},{"@type":"ImageObject","inLanguage":"de-DE","@id":"https:\/\/www.susyrottonara.com\/de\/midsummer-blooming-2021-multimedia-project#primaryimage","url":"https:\/\/www.susyrottonara.com\/wp-content\/uploads\/Istituto-Nazionale-ACS-150x115.jpg","contentUrl":"https:\/\/www.susyrottonara.com\/wp-content\/uploads\/Istituto-Nazionale-ACS-150x115.jpg"},{"@type":"BreadcrumbList","@id":"https:\/\/www.susyrottonara.com\/de\/midsummer-blooming-2021-multimedia-project#breadcrumb","itemListElement":[{"@type":"ListItem","position":1,"name":"Home","item":"https:\/\/www.susyrottonara.com\/de"},{"@type":"ListItem","position":2,"name":"Midsummer blooming 2021"}]},{"@type":"WebSite","@id":"https:\/\/www.susyrottonara.com\/#website","url":"https:\/\/www.susyrottonara.com\/","name":"Susy Rottonara","description":"","potentialAction":[{"@type":"SearchAction","target":{"@type":"EntryPoint","urlTemplate":"https:\/\/www.susyrottonara.com\/?s={search_term_string}"},"query-input":{"@type":"PropertyValueSpecification","valueRequired":true,"valueName":"search_term_string"}}],"inLanguage":"de-DE"}]}},"_links":{"self":[{"href":"https:\/\/www.susyrottonara.com\/de\/wp-json\/wp\/v2\/pages\/8913","targetHints":{"allow":["GET"]}}],"collection":[{"href":"https:\/\/www.susyrottonara.com\/de\/wp-json\/wp\/v2\/pages"}],"about":[{"href":"https:\/\/www.susyrottonara.com\/de\/wp-json\/wp\/v2\/types\/page"}],"author":[{"embeddable":true,"href":"https:\/\/www.susyrottonara.com\/de\/wp-json\/wp\/v2\/users\/2"}],"replies":[{"embeddable":true,"href":"https:\/\/www.susyrottonara.com\/de\/wp-json\/wp\/v2\/comments?post=8913"}],"version-history":[{"count":10,"href":"https:\/\/www.susyrottonara.com\/de\/wp-json\/wp\/v2\/pages\/8913\/revisions"}],"predecessor-version":[{"id":9344,"href":"https:\/\/www.susyrottonara.com\/de\/wp-json\/wp\/v2\/pages\/8913\/revisions\/9344"}],"wp:attachment":[{"href":"https:\/\/www.susyrottonara.com\/de\/wp-json\/wp\/v2\/media?parent=8913"}],"curies":[{"name":"wp","href":"https:\/\/api.w.org\/{rel}","templated":true}]}}