{"id":4581,"date":"2013-04-30T10:26:54","date_gmt":"2013-04-30T08:26:54","guid":{"rendered":"http:\/\/www.susyrottonara.com\/biography"},"modified":"2025-10-21T15:07:53","modified_gmt":"2025-10-21T13:07:53","slug":"biography","status":"publish","type":"page","link":"https:\/\/www.susyrottonara.com\/en\/biography","title":{"rendered":"Biography"},"content":{"rendered":"<div class=\"fusion-fullwidth fullwidth-box fusion-builder-row-1 hundred-percent-fullwidth non-hundred-percent-height-scrolling\" style=\"background-color: rgba(255,255,255,0);background-position: center center;background-repeat: no-repeat;padding-top:0px;padding-right:0px;padding-bottom:0px;padding-left:0px;margin-bottom: 0px;margin-top: 0px;border-width: 0px 0px 0px 0px;border-color:#eae9e9;border-style:solid;\" ><div class=\"fusion-builder-row fusion-row\"><div class=\"fusion-layout-column fusion_builder_column fusion-builder-column-0 fusion_builder_column_1_4 1_4 fusion-one-fourth fusion-column-first\" style=\"width:22%; margin-right: 4%;margin-top:0px;margin-bottom:20px;\"><div class=\"fusion-column-wrapper fusion-flex-column-wrapper-legacy\" style=\"background-position:left top;background-repeat:no-repeat;-webkit-background-size:cover;-moz-background-size:cover;-o-background-size:cover;background-size:cover;padding: 0px 0px 0px 0px;\"><div class=\"fusion-text fusion-text-1\"><p><a href=\"http:\/\/www.susyrottonara.com\/wp-content\/uploads\/2013\/04\/Schermata-08-2456531-alle-16.32.59.png\"><img decoding=\"async\" class=\"alignnone size-full wp-image-3177\" src=\"http:\/\/www.susyrottonara.com\/wp-content\/uploads\/2013\/04\/Schermata-08-2456531-alle-16.32.59.png\" alt=\"Schermata-08-2456531-alle-16.32.59\" width=\"199\" height=\"561\" srcset=\"https:\/\/www.susyrottonara.com\/wp-content\/uploads\/2013\/04\/Schermata-08-2456531-alle-16.32.59-106x300.png 106w, https:\/\/www.susyrottonara.com\/wp-content\/uploads\/2013\/04\/Schermata-08-2456531-alle-16.32.59.png 199w\" sizes=\"(max-width: 199px) 100vw, 199px\" \/><\/a><\/p>\n<\/div><div class=\"fusion-clearfix\"><\/div><\/div><\/div><div class=\"fusion-layout-column fusion_builder_column fusion-builder-column-1 fusion_builder_column_3_4 3_4 fusion-three-fourth fusion-column-last\" style=\"width:74%;margin-top:0px;margin-bottom:20px;\"><div class=\"fusion-column-wrapper fusion-flex-column-wrapper-legacy\" style=\"background-position:left top;background-repeat:no-repeat;-webkit-background-size:cover;-moz-background-size:cover;-o-background-size:cover;background-size:cover;padding: 0px 0px 0px 0px;\"><div class=\"fusion-text fusion-text-2\"><h3><a href=\"https:\/\/de.wikipedia.org\/wiki\/Susy_Rottonara\"><strong><img decoding=\"async\" class=\"size-medium wp-image-9219 alignleft\" src=\"https:\/\/www.susyrottonara.com\/wp-content\/uploads\/25553a\u00a9-freddy-planinschek-2-200x300.jpg\" alt=\"\" width=\"200\" height=\"300\" srcset=\"https:\/\/www.susyrottonara.com\/wp-content\/uploads\/25553a\u00a9-freddy-planinschek-2-100x150.jpg 100w, https:\/\/www.susyrottonara.com\/wp-content\/uploads\/25553a\u00a9-freddy-planinschek-2-200x300.jpg 200w, https:\/\/www.susyrottonara.com\/wp-content\/uploads\/25553a\u00a9-freddy-planinschek-2-400x600.jpg 400w, https:\/\/www.susyrottonara.com\/wp-content\/uploads\/25553a\u00a9-freddy-planinschek-2-600x900.jpg 600w, https:\/\/www.susyrottonara.com\/wp-content\/uploads\/25553a\u00a9-freddy-planinschek-2-683x1024.jpg 683w, https:\/\/www.susyrottonara.com\/wp-content\/uploads\/25553a\u00a9-freddy-planinschek-2-768x1152.jpg 768w, https:\/\/www.susyrottonara.com\/wp-content\/uploads\/25553a\u00a9-freddy-planinschek-2-800x1200.jpg 800w, https:\/\/www.susyrottonara.com\/wp-content\/uploads\/25553a\u00a9-freddy-planinschek-2-1024x1536.jpg 1024w, https:\/\/www.susyrottonara.com\/wp-content\/uploads\/25553a\u00a9-freddy-planinschek-2-1200x1800.jpg 1200w, https:\/\/www.susyrottonara.com\/wp-content\/uploads\/25553a\u00a9-freddy-planinschek-2.jpg 1236w\" sizes=\"(max-width: 200px) 100vw, 200px\" \/>Wikipedia DT\u00a0 \u00a0 \u00a0 \u00a0<\/strong><\/a><a href=\"https:\/\/lld.wikipedia.org\/wiki\/Susy_Rottonara\">Wikipedia LLD \u00a0 \u00a0 \u00a0 \u00a0 \u00a0 \u00a0 \u00a0<\/a><a href=\"https:\/\/it.wikiversity.org\/wiki\/Susy_Rottonara\"><strong>Wikiversity\u00a0 \u00a0 \u00a0\u00a0 \u00a0 <\/strong><\/a><a href=\"https:\/\/www.susyrottonara.com\/wp-content\/uploads\/Susy-Rottonara-short-curriculum-EN.pdf\"><strong>Short CV <\/strong><\/a><\/h3>\n<h3><\/h3>\n<p><strong>Susy Rottonara<\/strong>, daughter of the famous artist <a href=\"http:\/\/www.rott.it\">ROTT<\/a> \u2013 Luigi (Lois) Rottonara \u2013 is a <strong>versatile musician, cultural ambassador <\/strong><a href=\"http:\/\/www.susyrottonara.com\/en\/category\/progetti\"><strong>and author of multimedia cultural events, concerts and experimental projects of music and art <\/strong><\/a>with Master&#8217;s Degree in piano and singing at the Conservatory of Music and Master&#8217;s Degree in Foreign Languages and Literature. She performs as soprano, pianist, author of experimental music and works at projects to promote music education.<\/p>\n<p>She made her international debut in 2005 with her original music and film productions about the ancient Ladin myths of the Dolomites, especially the legend of <strong><a href=\"http:\/\/www.susyrottonara.com\/en\/category\/film-en\">Le R\u00ebgn de Fanes (The Reign of Fanes)<\/a>, <a href=\"http:\/\/www.susyrottonara.com\/en\/awards\">awarded internationally<\/a><\/strong>, where she performs the role of the protagonist princess Dolasila \u2013 Dolasilla and sings in Ladin, the most ancient alpine language yet spoken today: <a href=\"http:\/\/www.susyrottonara.com\/en\/the-film-the-reign-of-fanes-a-fulfilled-dream\"><strong>film<\/strong> <strong>The Reign of Fanes<\/strong><\/a>, <a href=\"http:\/\/www.susyrottonara.com\/en\/album-3\"><strong>film score Le R\u00ebgn de Fanes \u2013<\/strong> <strong>The Reign of Fanes<\/strong>, <\/a><a href=\"http:\/\/www.susyrottonara.com\/en\/fanes-poem-musical-the-musical-poem-of-the-dolomites\"><strong>experimental opera \u2013 musical poem Fanes Poem Musical<\/strong>, <\/a><a href=\"http:\/\/www.susyrottonara.com\/en\/installation-dolasila-2\"><strong>multimedia installation Dolasila<\/strong>,\u00a0<\/a><a href=\"http:\/\/www.susyrottonara.com\/en\/category\/events-und-projects\"><strong>multimedia concert Il sogno di Dolasila \u2013 The dream of Dolasila.<\/strong><\/a><\/p>\n<p>\u201c<em>Outstandig Achievement \u2013 Silver Medal Winner\u201d<\/em> as soprano and composer with <em>Dolasila\u2019Love <\/em>(<em>L\u2019amur de Dolasila<\/em>) -contemporary opera and composition- at the <a href=\"http:\/\/www.globalmusicawards.com\/Winners-Nov-2019.html\">Global Music Awards 2019<\/a>. In 2020 acknowledgment as <strong><a href=\"https:\/\/www.susyrottonara.com\/wp-content\/uploads\/Screenshot-articolo-intero.jpg\">star of classical musical<\/a> &#8211;<\/strong>pianist and soprano professional- at the talent Music and Stars.<\/p>\n<p>Within the project <a href=\"https:\/\/www.susyrottonara.com\/en\/rott-music-and-art\"><strong>ROTT &#8211; Art and Music<\/strong><\/a> a<strong>\u00a0video installation from<\/strong> <a href=\"http:\/\/www.susyrottonara.com\/en\/der-traum-von-dolasila\"><em><strong>Il sogno di Dolasila<\/strong><\/em><strong> (The dream of Dolasila) <\/strong><\/a>has partecipated at an international exhibition <a href=\"http:\/\/www.susyrottonara.com\/sogno-dolasila-venezia\">\u00a0<strong>in the context of the 57. Biennale d\u2019arte di Venezia<\/strong> <\/a>in the Palazzo Albrizzi, site of the Guatemala Pavillon. Art and music are connected in the multimedia project <a href=\"https:\/\/www.susyrottonara.com\/en\/midsummer-blooming-2021\"><em><strong>Midsummer blooming 2021<\/strong><\/em><\/a> with the premiere of the installation <a href=\"https:\/\/www.rott.it\/en\/haute-art-couture-by-rott-at-milan-fashion-week\"><strong>Haute Art Couture by ROTT<\/strong><\/a> in the Galleria Vittorio Emanuele in Milan in the context of the Milano Fashion Week in September 2021. She is protagonist as soprano and pianist of the <a href=\"https:\/\/www.susyrottonara.com\/en\/rott-arte-e-musica-alla-milano-fashion-week\">fashion show with artworks by her father ROTT<\/a> at the Milano Fashion Week 2023.<\/p>\n<p>In 2009, the year of the declaration of the Dolomites mountains World Natural Heritage by the UNESCO- there was the premiere of the <strong><a href=\"http:\/\/www.susyrottonara.com\/en\/fanes-poem-musical-the-musical-poem-of-the-dolomites\">opera Fanes Poem Musical \u2013 The musical poem of the Dolomites<\/a>, <\/strong>then staged in 2011 at the City Theatre in Bolzano with the Orchestra Filarmonica Italiana. In 2010 her<a href=\"http:\/\/www.susyrottonara.com\/en\/album-3\"> <strong>album Dreaming of Fanes<\/strong><\/a> is the first album sung in Ladin language that participates at the 53. Grammy Awards listed in the category \u201cBest album of the year\u201d.<\/p>\n<p>Susy Rottonara has performed her original music and a wide opera and classical repertoire <a href=\"http:\/\/www.susyrottonara.com\/07062014-susy-rottonara-ospite-donore-al-grande-concerto-lirico-vocale-e-strumentale-a-casa-verdi-di-milano\"><strong>in concerts with famous artists on international level<\/strong><\/a>, with singers and musicians of the <a href=\"http:\/\/www.susyrottonara.com\/en\/28052015-1815-milano-circolo-volta-susy-rottonara-guest-star-at-the-event-for-the-promotion-of-the-original-culture-and-dialect-of-milan-and-lombardia-region-to-support-the-revitalisat\">Orchestra del Teatro alla Scala di Milano<\/a>, of the RAI television and in many international festival and events. In 2024 she was protagonist as soprano-pianist of the concert-event <a href=\"https:\/\/www.susyrottonara.com\/en\/puccini-100-milano-le-eroine-pucciniane\"><em>Le eroine pucciniane<\/em><\/a> at Savini in Milan on the occasion of the celebrations Puccini100.<\/p>\n<p>In 2020 she lead to the acknowledgement of Ladin Wikipedia as coordinator of the project and was panellist at the World Music Conference.<\/p>\n<p>In 2014 Susy Rottonara was <strong>cultural ambassador<\/strong> in the Italian Cultural Institute in La Valletta in Malta with the<a href=\"http:\/\/www.susyrottonara.com\/en\/03042014-dolasila-in-malta\"> performance of the multimedia installation Dolasila, <\/a><a href=\"http:\/\/www.susyrottonara.com\/en\/installation-dolasila-2\">whose premiere was in 2013 in the MART Museum, <\/a>and\u00a0 at the <a href=\"http:\/\/www.susyrottonara.com\/en\/16-17102014-presentation-of-fanes-poem-musical-and-musical-performance-by-susy-rottonara-at-the-international-meeting-of-the-task-force-cross-border-culture-in-eupen-belgium\">meeting of the Task force Cross Border Culture in Belgium<\/a> with a performance from Fanes Poem Musical. She has been speaker at important international cultural meetings about music, education and minority languages.<img decoding=\"async\" class=\"size-medium wp-image-3893 alignright\" src=\"http:\/\/www.susyrottonara.com\/wp-content\/uploads\/2013\/10\/Susy-Rottonara-Fryske-Akademy-20131-300x216.png\" alt=\"\" width=\"300\" height=\"216\" srcset=\"https:\/\/www.susyrottonara.com\/wp-content\/uploads\/2013\/10\/Susy-Rottonara-Fryske-Akademy-20131-300x216.png 300w, https:\/\/www.susyrottonara.com\/wp-content\/uploads\/2013\/10\/Susy-Rottonara-Fryske-Akademy-20131-1024x738.png 1024w, https:\/\/www.susyrottonara.com\/wp-content\/uploads\/2013\/10\/Susy-Rottonara-Fryske-Akademy-20131.png 1888w\" sizes=\"(max-width: 300px) 100vw, 300px\" \/><\/p>\n<p>In 2015 she sang in the<a href=\"http:\/\/www.susyrottonara.com\/en\/spring-2015-susy-rottonaras-voice-in-the-video-we-are-love-by-laura-sullivan-grammy-winning-artist-at-the-56th-grammy-awards\"> <strong>video <\/strong><em><strong>We are love<\/strong><\/em><\/a> by the Grammy winning artist Laura Sullivan. She is member of the comittee CPI \u2013 Cantanti professionisti d\u2019Italia (Professional Italian Singers) and since 2010 <em><strong>voting member<\/strong><\/em> of the Recording Academy. In 2018 One of her <strong>sung videos<\/strong> was chosen for the <em>social wall<\/em> of the international charity campaigne<a href=\"http:\/\/www.susyrottonara.com\/susy-rottonara-ambasciatrice-culturale-diorlovechain\"><strong> DiorLoveChain<\/strong><\/a> by Dior\/Missdior .<\/p>\n<p><a href=\"https:\/\/www.susyrottonara.com\/en\/milestones-studies\"><strong>Read more about <em>Milestones &#8211; Studies\u00a0<\/em><\/strong><\/a><\/p>\n<p>She is President of the <a href=\"http:\/\/www.susyrottonara.com\/en\/the-cultural-association-fanes\"><strong>Cultural Association Fanes<\/strong><\/a> that she has founded in 2006 together with the other authors of the film Le R\u00ebgn de Fanes to promote and preserve Ladin legends through various <strong>cultural events and forms of art. <\/strong>She is author of the project <a href=\"https:\/\/www.dolomiteslegends.it\/\"><strong>Dolomites Legends.<\/strong><\/a><\/p>\n<p><strong>Collaborations with the media<br \/>\nTelevision reports about Susy Rottonara and her musical and cultural activites have been broadcasted by: <\/strong>RAI Uno, RAI TV Ladina Television and \u00a0Radio Ladina, RAI Television and Radio Sender Bozen, RAI Television and Radio regionale del Trentino Alto Adige, RAI International, TML \u2013 Tele Minoranze Linguistiche, TCA, S\u00fcdtirol Heute \u2013 ORF. Susy Rottonara has performed for <strong>many singing recordings for RAI TV Television Ladina and Radio productions<\/strong> and has participated as guest at many radio programs. Moreover she has been author of many episodes of the Ladin radio program <em>La Copa dal Caf\u00e8<\/em> about music and history of music.<\/p>\n<p><strong><a href=\"http:\/\/www.susyrottonara.com\/en\/category\/press\">Press <\/a><\/strong>: Il Corriere della sera\/Il Corriere dell\u2019Alto Adige, Alto Adige, L\u2019Adige, Il Giornale, CAM 60 &#8211; <a href=\"https:\/\/www.catalogoartemoderna.it\/artisti\/luigi-rottonara\">Catalogo dell&#8217;Arte moderna &#8211; editori Cairo e Giorgio Mondadori<\/a>, Dolomiten, Die S\u00fcdtiroler Tageszeitung, FF-Das S\u00fcdtiroler Wochenmagazin, In-S\u00fcdtirol, Die S\u00fcdtirolerin, L\u2019Avisio, <a href=\"http:\/\/calitreview.com\/604\/notes-from-italy-a-homer-of-the-dolomites\/\">California Literary Review<\/a>, The Sunday Times of Malta, The Malta Independent, l-orizzont, La Usc di Ladins, Gana, Enrosadira, Meridiani Montagne<\/p>\n<p><a href=\"http:\/\/www.susyrottonara.com\/en\/events-and-projects\"><strong>Special events <\/strong><\/a><\/p>\n<p><strong>Festivals<\/strong><br \/>\nSee under <a href=\"http:\/\/www.susyrottonara.com\/en\/press-awards\">Awards<\/a>, <a href=\"http:\/\/www.susyrottonara.com\/en\/events-2\">Film (events film)<\/a><\/p>\n<\/div><div class=\"fusion-video fusion-youtube fusion-aligncenter\" style=\"max-width:600px;max-height:360px; width:100%\"><div class=\"video-shortcode\"><iframe title=\"YouTube video player 1\" src=\"https:\/\/www.youtube.com\/embed\/XxYXVr7ZTik?wmode=transparent&autoplay=0\" width=\"600\" height=\"360\" allowfullscreen allow=\"autoplay; fullscreen\"><\/iframe><\/div><\/div><div class=\"fusion-clearfix\"><\/div><\/div><\/div><div class=\"fusion-layout-column fusion_builder_column fusion-builder-column-2 fusion_builder_column_1_4 1_4 fusion-one-fourth fusion-column-first\" style=\"width:22%; margin-right: 4%;margin-top:0px;margin-bottom:20px;\"><div class=\"fusion-column-wrapper fusion-flex-column-wrapper-legacy\" style=\"background-position:left top;background-repeat:no-repeat;-webkit-background-size:cover;-moz-background-size:cover;-o-background-size:cover;background-size:cover;padding: 0px 0px 0px 0px;\"><div class=\"fusion-clearfix\"><\/div><\/div><\/div><div class=\"fusion-layout-column fusion_builder_column fusion-builder-column-3 fusion_builder_column_3_4 3_4 fusion-three-fourth fusion-column-last\" style=\"width:74%;margin-top:0px;margin-bottom:20px;\"><div class=\"fusion-column-wrapper fusion-flex-column-wrapper-legacy\" style=\"background-position:left top;background-repeat:no-repeat;-webkit-background-size:cover;-moz-background-size:cover;-o-background-size:cover;background-size:cover;padding: 0px 0px 0px 0px;\"><div class=\"fusion-text fusion-text-3\"><p>License CC by SA<\/p>\n<\/div><div class=\"fusion-clearfix\"><\/div><\/div><\/div><\/div><style type=\"text\/css\">.fusion-fullwidth.fusion-builder-row-1 { overflow:visible; }<\/style><\/div>\n","protected":false},"excerpt":{"rendered":"","protected":false},"author":3,"featured_media":0,"parent":0,"menu_order":0,"comment_status":"closed","ping_status":"closed","template":"","meta":{"footnotes":""},"class_list":["post-4581","page","type-page","status-publish","hentry"],"yoast_head":"<!-- This site is optimized with the Yoast SEO plugin v25.8 - https:\/\/yoast.com\/wordpress\/plugins\/seo\/ -->\n<title>Biography - Susy Rottonara<\/title>\n<meta name=\"robots\" content=\"index, follow, max-snippet:-1, max-image-preview:large, max-video-preview:-1\" \/>\n<link rel=\"canonical\" href=\"https:\/\/www.susyrottonara.com\/en\/biography\" \/>\n<meta property=\"og:locale\" content=\"en_US\" \/>\n<meta property=\"og:type\" content=\"article\" \/>\n<meta property=\"og:title\" content=\"Biography - Susy Rottonara\" \/>\n<meta property=\"og:url\" content=\"https:\/\/www.susyrottonara.com\/en\/biography\" \/>\n<meta property=\"og:site_name\" content=\"Susy Rottonara\" \/>\n<meta property=\"article:modified_time\" content=\"2025-10-21T13:07:53+00:00\" \/>\n<meta property=\"og:image\" content=\"https:\/\/www.susyrottonara.com\/wp-content\/uploads\/2013\/04\/Schermata-08-2456531-alle-16.32.59.png\" \/>\n\t<meta property=\"og:image:width\" content=\"199\" \/>\n\t<meta property=\"og:image:height\" content=\"561\" \/>\n\t<meta property=\"og:image:type\" content=\"image\/png\" \/>\n<meta name=\"twitter:card\" content=\"summary_large_image\" \/>\n<meta name=\"twitter:label1\" content=\"Est. reading time\" \/>\n\t<meta name=\"twitter:data1\" content=\"7 minutes\" \/>\n<script type=\"application\/ld+json\" class=\"yoast-schema-graph\">{\"@context\":\"https:\/\/schema.org\",\"@graph\":[{\"@type\":\"WebPage\",\"@id\":\"https:\/\/www.susyrottonara.com\/en\/biography\",\"url\":\"https:\/\/www.susyrottonara.com\/en\/biography\",\"name\":\"Biography - Susy Rottonara\",\"isPartOf\":{\"@id\":\"https:\/\/www.susyrottonara.com\/#website\"},\"primaryImageOfPage\":{\"@id\":\"https:\/\/www.susyrottonara.com\/en\/biography#primaryimage\"},\"image\":{\"@id\":\"https:\/\/www.susyrottonara.com\/en\/biography#primaryimage\"},\"thumbnailUrl\":\"http:\/\/www.susyrottonara.com\/wp-content\/uploads\/2013\/04\/Schermata-08-2456531-alle-16.32.59.png\",\"datePublished\":\"2013-04-30T08:26:54+00:00\",\"dateModified\":\"2025-10-21T13:07:53+00:00\",\"breadcrumb\":{\"@id\":\"https:\/\/www.susyrottonara.com\/en\/biography#breadcrumb\"},\"inLanguage\":\"en-US\",\"potentialAction\":[{\"@type\":\"ReadAction\",\"target\":[\"https:\/\/www.susyrottonara.com\/en\/biography\"]}]},{\"@type\":\"ImageObject\",\"inLanguage\":\"en-US\",\"@id\":\"https:\/\/www.susyrottonara.com\/en\/biography#primaryimage\",\"url\":\"http:\/\/www.susyrottonara.com\/wp-content\/uploads\/2013\/04\/Schermata-08-2456531-alle-16.32.59.png\",\"contentUrl\":\"http:\/\/www.susyrottonara.com\/wp-content\/uploads\/2013\/04\/Schermata-08-2456531-alle-16.32.59.png\"},{\"@type\":\"BreadcrumbList\",\"@id\":\"https:\/\/www.susyrottonara.com\/en\/biography#breadcrumb\",\"itemListElement\":[{\"@type\":\"ListItem\",\"position\":1,\"name\":\"Home\",\"item\":\"https:\/\/www.susyrottonara.com\/en\"},{\"@type\":\"ListItem\",\"position\":2,\"name\":\"Biography\"}]},{\"@type\":\"WebSite\",\"@id\":\"https:\/\/www.susyrottonara.com\/#website\",\"url\":\"https:\/\/www.susyrottonara.com\/\",\"name\":\"Susy Rottonara\",\"description\":\"\",\"potentialAction\":[{\"@type\":\"SearchAction\",\"target\":{\"@type\":\"EntryPoint\",\"urlTemplate\":\"https:\/\/www.susyrottonara.com\/?s={search_term_string}\"},\"query-input\":{\"@type\":\"PropertyValueSpecification\",\"valueRequired\":true,\"valueName\":\"search_term_string\"}}],\"inLanguage\":\"en-US\"}]}<\/script>\n<!-- \/ Yoast SEO plugin. -->","yoast_head_json":{"title":"Biography - Susy Rottonara","robots":{"index":"index","follow":"follow","max-snippet":"max-snippet:-1","max-image-preview":"max-image-preview:large","max-video-preview":"max-video-preview:-1"},"canonical":"https:\/\/www.susyrottonara.com\/en\/biography","og_locale":"en_US","og_type":"article","og_title":"Biography - Susy Rottonara","og_url":"https:\/\/www.susyrottonara.com\/en\/biography","og_site_name":"Susy Rottonara","article_modified_time":"2025-10-21T13:07:53+00:00","og_image":[{"width":199,"height":561,"url":"https:\/\/www.susyrottonara.com\/wp-content\/uploads\/2013\/04\/Schermata-08-2456531-alle-16.32.59.png","type":"image\/png"}],"twitter_card":"summary_large_image","twitter_misc":{"Est. reading time":"7 minutes"},"schema":{"@context":"https:\/\/schema.org","@graph":[{"@type":"WebPage","@id":"https:\/\/www.susyrottonara.com\/en\/biography","url":"https:\/\/www.susyrottonara.com\/en\/biography","name":"Biography - Susy Rottonara","isPartOf":{"@id":"https:\/\/www.susyrottonara.com\/#website"},"primaryImageOfPage":{"@id":"https:\/\/www.susyrottonara.com\/en\/biography#primaryimage"},"image":{"@id":"https:\/\/www.susyrottonara.com\/en\/biography#primaryimage"},"thumbnailUrl":"http:\/\/www.susyrottonara.com\/wp-content\/uploads\/2013\/04\/Schermata-08-2456531-alle-16.32.59.png","datePublished":"2013-04-30T08:26:54+00:00","dateModified":"2025-10-21T13:07:53+00:00","breadcrumb":{"@id":"https:\/\/www.susyrottonara.com\/en\/biography#breadcrumb"},"inLanguage":"en-US","potentialAction":[{"@type":"ReadAction","target":["https:\/\/www.susyrottonara.com\/en\/biography"]}]},{"@type":"ImageObject","inLanguage":"en-US","@id":"https:\/\/www.susyrottonara.com\/en\/biography#primaryimage","url":"http:\/\/www.susyrottonara.com\/wp-content\/uploads\/2013\/04\/Schermata-08-2456531-alle-16.32.59.png","contentUrl":"http:\/\/www.susyrottonara.com\/wp-content\/uploads\/2013\/04\/Schermata-08-2456531-alle-16.32.59.png"},{"@type":"BreadcrumbList","@id":"https:\/\/www.susyrottonara.com\/en\/biography#breadcrumb","itemListElement":[{"@type":"ListItem","position":1,"name":"Home","item":"https:\/\/www.susyrottonara.com\/en"},{"@type":"ListItem","position":2,"name":"Biography"}]},{"@type":"WebSite","@id":"https:\/\/www.susyrottonara.com\/#website","url":"https:\/\/www.susyrottonara.com\/","name":"Susy Rottonara","description":"","potentialAction":[{"@type":"SearchAction","target":{"@type":"EntryPoint","urlTemplate":"https:\/\/www.susyrottonara.com\/?s={search_term_string}"},"query-input":{"@type":"PropertyValueSpecification","valueRequired":true,"valueName":"search_term_string"}}],"inLanguage":"en-US"}]}},"_links":{"self":[{"href":"https:\/\/www.susyrottonara.com\/en\/wp-json\/wp\/v2\/pages\/4581","targetHints":{"allow":["GET"]}}],"collection":[{"href":"https:\/\/www.susyrottonara.com\/en\/wp-json\/wp\/v2\/pages"}],"about":[{"href":"https:\/\/www.susyrottonara.com\/en\/wp-json\/wp\/v2\/types\/page"}],"author":[{"embeddable":true,"href":"https:\/\/www.susyrottonara.com\/en\/wp-json\/wp\/v2\/users\/3"}],"replies":[{"embeddable":true,"href":"https:\/\/www.susyrottonara.com\/en\/wp-json\/wp\/v2\/comments?post=4581"}],"version-history":[{"count":39,"href":"https:\/\/www.susyrottonara.com\/en\/wp-json\/wp\/v2\/pages\/4581\/revisions"}],"predecessor-version":[{"id":11446,"href":"https:\/\/www.susyrottonara.com\/en\/wp-json\/wp\/v2\/pages\/4581\/revisions\/11446"}],"wp:attachment":[{"href":"https:\/\/www.susyrottonara.com\/en\/wp-json\/wp\/v2\/media?parent=4581"}],"curies":[{"name":"wp","href":"https:\/\/api.w.org\/{rel}","templated":true}]}}